{"id":12514,"date":"2026-01-30T16:38:26","date_gmt":"2026-01-30T16:38:26","guid":{"rendered":"https:\/\/kuntnerforludovica.com\/prodotto\/hogan-86er-sneaker-beige\/"},"modified":"2026-01-30T16:38:26","modified_gmt":"2026-01-30T16:38:26","slug":"hogan-86er-sneaker-beige","status":"publish","type":"product","link":"https:\/\/kuntnerforludovica.com\/de\/prodotto\/hogan-86er-sneaker-beige\/","title":{"rendered":"Hogan 86er Sneaker Beige"},"content":{"rendered":"<p>Eine Hommage an die ikonischen Sneaker, die das Gr\u00fcndungsjahr der Marke gepr\u00e4gt haben. Die Hogan 86er werden hier mit dem charakteristischen aufgesetzten H-Detail pr\u00e4sentiert. Die extraleichte Sohle verf\u00fcgt \u00fcber ein Stollenprofil, das zugleich die Verst\u00e4rkung an der Ferse bildet. Abgerundet durch eine weiche Innensohle sind diese Sneaker aus Veloursleder ideal f\u00fcr einen entspannten, l\u00e4ssigen Look.<\/p>\n<p>Hogan 86er Damen-Sneaker<br \/>\nMade in Italy<br \/>\nObermaterial aus Veloursleder<br \/>\nDetails aus Nubuk- und Glattleder<br \/>\nSeitliches H<br \/>\nWeiche, lederbezogene Innensohle, 5 mm<br \/>\nEVA-Sohle<br \/>\nGesamth\u00f6he: 4 cm<\/p>\n<p>MOD. HXW6710FP0IUHT0UU6<\/p>\n","protected":false},"excerpt":{"rendered":"<p>Eine Hommage an die ikonischen Sneaker, die das Gr\u00fcndungsjahr der Marke gepr\u00e4gt haben. Die Hogan 86er werden hier mit dem charakteristischen aufgesetzten H-Detail pr\u00e4sentiert. Die extraleichte Sohle verf\u00fcgt \u00fcber ein&#8230;<\/p>\n","protected":false},"featured_media":12506,"template":"","meta":{"_acf_changed":false,"inline_featured_image":false},"product_brand":[],"product_cat":[53,60,62,189],"product_tag":[183],"class_list":{"0":"post-12514","1":"product","2":"type-product","3":"status-publish","4":"has-post-thumbnail","6":"product_cat-damen","7":"product_cat-sale-deu","8":"product_cat-sale-damen","9":"product_cat-schuhe-sale","10":"product_tag-hogan","12":"first","13":"instock","14":"sale","15":"shipping-taxable","16":"purchasable","17":"product-type-variable"},"acf":[],"_links":{"self":[{"href":"https:\/\/kuntnerforludovica.com\/de\/wp-json\/wp\/v2\/product\/12514","targetHints":{"allow":["GET"]}}],"collection":[{"href":"https:\/\/kuntnerforludovica.com\/de\/wp-json\/wp\/v2\/product"}],"about":[{"href":"https:\/\/kuntnerforludovica.com\/de\/wp-json\/wp\/v2\/types\/product"}],"wp:featuredmedia":[{"embeddable":true,"href":"https:\/\/kuntnerforludovica.com\/de\/wp-json\/wp\/v2\/media\/12506"}],"wp:attachment":[{"href":"https:\/\/kuntnerforludovica.com\/de\/wp-json\/wp\/v2\/media?parent=12514"}],"wp:term":[{"taxonomy":"product_brand","embeddable":true,"href":"https:\/\/kuntnerforludovica.com\/de\/wp-json\/wp\/v2\/product_brand?post=12514"},{"taxonomy":"product_cat","embeddable":true,"href":"https:\/\/kuntnerforludovica.com\/de\/wp-json\/wp\/v2\/product_cat?post=12514"},{"taxonomy":"product_tag","embeddable":true,"href":"https:\/\/kuntnerforludovica.com\/de\/wp-json\/wp\/v2\/product_tag?post=12514"}],"curies":[{"name":"wp","href":"https:\/\/api.w.org\/{rel}","templated":true}]}}