{"id":12488,"date":"2026-01-30T16:30:42","date_gmt":"2026-01-30T16:30:42","guid":{"rendered":"https:\/\/kuntnerforludovica.com\/prodotto\/hogan-86er-sneaker-bordeaux\/"},"modified":"2026-01-30T16:30:42","modified_gmt":"2026-01-30T16:30:42","slug":"hogan-86er-sneaker-bordeaux","status":"publish","type":"product","link":"https:\/\/kuntnerforludovica.com\/de\/prodotto\/hogan-86er-sneaker-bordeaux\/","title":{"rendered":"Hogan 86er Sneaker Bordeaux"},"content":{"rendered":"<p>Eine Hommage an die legend\u00e4ren Sneaker, die das Gr\u00fcndungsjahr der Marke gepr\u00e4gt haben. Die Hogan 86er werden hier mit dem ikonischen aufgesetzten H-Detail pr\u00e4sentiert. Die extraleichte Sohle verf\u00fcgt \u00fcber ein Stollenprofil, das zugleich die Verst\u00e4rkung an der Ferse bildet. Abgerundet durch eine weiche Innensohle sind diese Sneaker aus Veloursleder perfekt f\u00fcr einen entspannten, l\u00e4ssigen Look.<\/p>\n<p>Hogan 86er Damen-Sneaker<br \/>\nMade in Italy<br \/>\nObermaterial aus Veloursleder<br \/>\nDetails aus Nubuk- und Glattleder<br \/>\nSeitliches H<br \/>\nWeiche, lederbezogene Innensohle, 5 mm<br \/>\nEVA-Sohle<br \/>\nGesamth\u00f6he: 4 cm<\/p>\n<p>MOD. HXW6710FP0IUHT0UU8<\/p>\n","protected":false},"excerpt":{"rendered":"<p>Eine Hommage an die legend\u00e4ren Sneaker, die das Gr\u00fcndungsjahr der Marke gepr\u00e4gt haben. Die Hogan 86er werden hier mit dem ikonischen aufgesetzten H-Detail pr\u00e4sentiert. Die extraleichte Sohle verf\u00fcgt \u00fcber ein&#8230;<\/p>\n","protected":false},"featured_media":12481,"template":"","meta":{"_acf_changed":false,"inline_featured_image":false},"product_brand":[202],"product_cat":[53,60,62,189],"product_tag":[183],"class_list":{"0":"post-12488","1":"product","2":"type-product","3":"status-publish","4":"has-post-thumbnail","6":"product_brand-hogan","7":"product_cat-damen","8":"product_cat-sale-deu","9":"product_cat-sale-damen","10":"product_cat-schuhe-sale","11":"product_tag-hogan","13":"first","14":"instock","15":"sale","16":"shipping-taxable","17":"purchasable","18":"product-type-variable"},"acf":[],"_links":{"self":[{"href":"https:\/\/kuntnerforludovica.com\/de\/wp-json\/wp\/v2\/product\/12488","targetHints":{"allow":["GET"]}}],"collection":[{"href":"https:\/\/kuntnerforludovica.com\/de\/wp-json\/wp\/v2\/product"}],"about":[{"href":"https:\/\/kuntnerforludovica.com\/de\/wp-json\/wp\/v2\/types\/product"}],"wp:featuredmedia":[{"embeddable":true,"href":"https:\/\/kuntnerforludovica.com\/de\/wp-json\/wp\/v2\/media\/12481"}],"wp:attachment":[{"href":"https:\/\/kuntnerforludovica.com\/de\/wp-json\/wp\/v2\/media?parent=12488"}],"wp:term":[{"taxonomy":"product_brand","embeddable":true,"href":"https:\/\/kuntnerforludovica.com\/de\/wp-json\/wp\/v2\/product_brand?post=12488"},{"taxonomy":"product_cat","embeddable":true,"href":"https:\/\/kuntnerforludovica.com\/de\/wp-json\/wp\/v2\/product_cat?post=12488"},{"taxonomy":"product_tag","embeddable":true,"href":"https:\/\/kuntnerforludovica.com\/de\/wp-json\/wp\/v2\/product_tag?post=12488"}],"curies":[{"name":"wp","href":"https:\/\/api.w.org\/{rel}","templated":true}]}}