{"id":12462,"date":"2026-01-30T16:24:49","date_gmt":"2026-01-30T16:24:49","guid":{"rendered":"https:\/\/kuntnerforludovica.com\/prodotto\/hogan-hi-fi-sneaker-braun\/"},"modified":"2026-01-30T16:24:49","modified_gmt":"2026-01-30T16:24:49","slug":"hogan-hi-fi-sneaker-braun","status":"publish","type":"product","link":"https:\/\/kuntnerforludovica.com\/de\/prodotto\/hogan-hi-fi-sneaker-braun\/","title":{"rendered":"Hogan Hi-Fi Sneaker Braun"},"content":{"rendered":"<p>Die Hogan Hi-Fi Sneaker interpretieren die Hyperlight-Sohle mit Profilstollen in einer femininen Version neu und verf\u00fcgen \u00fcber eine erh\u00f6hte Plateausohle f\u00fcr mehr H\u00f6he und Eleganz. Inspiriert von der sportlichen Ikonografie der 1980er-Jahre verbinden sie technische Details mit urbanem Stil und zeichnen sich durch eine Kombination aus weichen und dynamischen Linien aus. Das Obermaterial besteht aus Veloursleder und Nappaleder und ist mit einem gro\u00dfen seitlichen H versehen. Ein energiegeladenes Athleisure-Modell mit einer Memory-Foam-Innensohle, die f\u00fcr zus\u00e4tzlichen Komfort und eine ged\u00e4mpfte Passform sorgt.<\/p>\n<p>Hogan Hi-Fi Damen-Sneaker<br \/>\nMade in Italy<br \/>\nObermaterial aus Veloursleder<br \/>\nEins\u00e4tze aus Nappaleder<br \/>\nDetails aus Glattleder<br \/>\nMemory-Foam-Innensohle, 8 mm<br \/>\nGummisohle<br \/>\nGesamth\u00f6he: 6,5 cm<\/p>\n","protected":false},"excerpt":{"rendered":"<p>Die Hogan Hi-Fi Sneaker interpretieren die Hyperlight-Sohle mit Profilstollen in einer femininen Version neu und verf\u00fcgen \u00fcber eine erh\u00f6hte Plateausohle f\u00fcr mehr H\u00f6he und Eleganz. Inspiriert von der sportlichen Ikonografie&#8230;<\/p>\n","protected":false},"featured_media":12456,"template":"","meta":{"_acf_changed":false,"inline_featured_image":false},"product_brand":[],"product_cat":[53,62,189],"product_tag":[212,183],"class_list":{"0":"post-12462","1":"product","2":"type-product","3":"status-publish","4":"has-post-thumbnail","6":"product_cat-damen","7":"product_cat-sale-damen","8":"product_cat-schuhe-sale","9":"product_tag-braun","10":"product_tag-hogan","12":"first","13":"instock","14":"sale","15":"shipping-taxable","16":"purchasable","17":"product-type-variable"},"acf":[],"_links":{"self":[{"href":"https:\/\/kuntnerforludovica.com\/de\/wp-json\/wp\/v2\/product\/12462","targetHints":{"allow":["GET"]}}],"collection":[{"href":"https:\/\/kuntnerforludovica.com\/de\/wp-json\/wp\/v2\/product"}],"about":[{"href":"https:\/\/kuntnerforludovica.com\/de\/wp-json\/wp\/v2\/types\/product"}],"wp:featuredmedia":[{"embeddable":true,"href":"https:\/\/kuntnerforludovica.com\/de\/wp-json\/wp\/v2\/media\/12456"}],"wp:attachment":[{"href":"https:\/\/kuntnerforludovica.com\/de\/wp-json\/wp\/v2\/media?parent=12462"}],"wp:term":[{"taxonomy":"product_brand","embeddable":true,"href":"https:\/\/kuntnerforludovica.com\/de\/wp-json\/wp\/v2\/product_brand?post=12462"},{"taxonomy":"product_cat","embeddable":true,"href":"https:\/\/kuntnerforludovica.com\/de\/wp-json\/wp\/v2\/product_cat?post=12462"},{"taxonomy":"product_tag","embeddable":true,"href":"https:\/\/kuntnerforludovica.com\/de\/wp-json\/wp\/v2\/product_tag?post=12462"}],"curies":[{"name":"wp","href":"https:\/\/api.w.org\/{rel}","templated":true}]}}