{"id":12333,"date":"2026-01-29T15:41:13","date_gmt":"2026-01-29T15:41:13","guid":{"rendered":"https:\/\/kuntnerforludovica.com\/prodotto\/hogan-h641-sneaker-in-hellblau-elfenbein\/"},"modified":"2026-01-29T15:41:13","modified_gmt":"2026-01-29T15:41:13","slug":"hogan-h641-sneaker-in-hellblau-elfenbein","status":"publish","type":"product","link":"https:\/\/kuntnerforludovica.com\/de\/prodotto\/hogan-h641-sneaker-in-hellblau-elfenbein\/","title":{"rendered":"Hogan H641 Sneaker in Hellblau &amp; Elfenbein"},"content":{"rendered":"<p>Markanter Look und Retro-Elemente vereinen sich in den Hogan H641 Sneakern. Die leichte Sohle wurde f\u00fcr optimalen Halt entwickelt und verf\u00fcgt \u00fcber ein Profil mit H-f\u00f6rmigen Noppen. Das Obermaterial aus Glattleder wird durch weiche Nappaleder-Eins\u00e4tze und ein seitliches H aus Wildleder erg\u00e4nzt. Die Memory-Foam-Innensohle sorgt f\u00fcr eine angenehm ged\u00e4mpfte Passform.<\/p>\n<p>Hogan H641 Damen-Sneaker<br \/>\nMade in Italy<br \/>\nObermaterial aus Glattleder<br \/>\nEins\u00e4tze aus Nappaleder<br \/>\nSeitliches H und Details aus Wildleder<br \/>\n0,8 cm Memory-Foam-Innensohle<br \/>\nGummisohle<br \/>\nGesamth\u00f6he: 5 cm<\/p>\n<p>Modell: HXW6410EH4PUY90RVJ<\/p>\n","protected":false},"excerpt":{"rendered":"<p>Markanter Look und Retro-Elemente vereinen sich in den Hogan H641 Sneakern. Die leichte Sohle wurde f\u00fcr optimalen Halt entwickelt und verf\u00fcgt \u00fcber ein Profil mit H-f\u00f6rmigen Noppen. Das Obermaterial aus&#8230;<\/p>\n","protected":false},"featured_media":12317,"template":"","meta":{"_acf_changed":false,"inline_featured_image":false},"product_brand":[202],"product_cat":[53,87,57],"product_tag":[183],"class_list":{"0":"post-12333","1":"product","2":"type-product","3":"status-publish","4":"has-post-thumbnail","6":"product_brand-hogan","7":"product_cat-damen","8":"product_cat-schuhe-damen","9":"product_cat-sneaker-damen","10":"product_tag-hogan","12":"first","13":"instock","14":"shipping-taxable","15":"purchasable","16":"product-type-variable"},"acf":[],"_links":{"self":[{"href":"https:\/\/kuntnerforludovica.com\/de\/wp-json\/wp\/v2\/product\/12333","targetHints":{"allow":["GET"]}}],"collection":[{"href":"https:\/\/kuntnerforludovica.com\/de\/wp-json\/wp\/v2\/product"}],"about":[{"href":"https:\/\/kuntnerforludovica.com\/de\/wp-json\/wp\/v2\/types\/product"}],"wp:featuredmedia":[{"embeddable":true,"href":"https:\/\/kuntnerforludovica.com\/de\/wp-json\/wp\/v2\/media\/12317"}],"wp:attachment":[{"href":"https:\/\/kuntnerforludovica.com\/de\/wp-json\/wp\/v2\/media?parent=12333"}],"wp:term":[{"taxonomy":"product_brand","embeddable":true,"href":"https:\/\/kuntnerforludovica.com\/de\/wp-json\/wp\/v2\/product_brand?post=12333"},{"taxonomy":"product_cat","embeddable":true,"href":"https:\/\/kuntnerforludovica.com\/de\/wp-json\/wp\/v2\/product_cat?post=12333"},{"taxonomy":"product_tag","embeddable":true,"href":"https:\/\/kuntnerforludovica.com\/de\/wp-json\/wp\/v2\/product_tag?post=12333"}],"curies":[{"name":"wp","href":"https:\/\/api.w.org\/{rel}","templated":true}]}}