{"id":12046,"date":"2026-01-29T13:25:26","date_gmt":"2026-01-29T13:25:26","guid":{"rendered":"https:\/\/kuntnerforludovica.com\/prodotto\/hogan-h641-sneakers-aus-leder-und-wildleder-in-beige\/"},"modified":"2026-01-29T13:25:26","modified_gmt":"2026-01-29T13:25:26","slug":"hogan-h641-sneakers-aus-leder-und-wildleder-in-beige","status":"publish","type":"product","link":"https:\/\/kuntnerforludovica.com\/de\/prodotto\/hogan-h641-sneakers-aus-leder-und-wildleder-in-beige\/","title":{"rendered":"Hogan H641 Sneakers aus Leder und Wildleder in Beige"},"content":{"rendered":"<p>Ein markanter Look und Retro-Inspirationen vereinen sich in den Hogan H641 Sneakers. F\u00fcr optimalen Halt konzipiert, verf\u00fcgt die leichte Sohle \u00fcber ein Profil mit H-f\u00f6rmigen Noppen. Die Sneakers sind mit einem Obermaterial aus Veloursleder ausgestattet, erg\u00e4nzt durch Eins\u00e4tze aus weichem Nappaleder sowie ein seitliches H aus Leder. Die Memory-Foam-Innensohle sorgt f\u00fcr eine ged\u00e4mpfte Passform.<\/p>\n<p>Hogan H641 Damen-Sneakers<br \/>\nMade in Italy<br \/>\nObermaterial aus Veloursleder<br \/>\nEins\u00e4tze aus Nappaleder<br \/>\nSeitliches H und Details aus Leder<br \/>\n0,8 cm Memory-Foam-Innensohle<br \/>\nGummisohle<br \/>\nGesamth\u00f6he 5 cm<\/p>\n<p>Modell: HXW6410EH41UXN0RVU<\/p>\n","protected":false},"excerpt":{"rendered":"<p>Ein markanter Look und Retro-Inspirationen vereinen sich in den Hogan H641 Sneakers. F\u00fcr optimalen Halt konzipiert, verf\u00fcgt die leichte Sohle \u00fcber ein Profil mit H-f\u00f6rmigen Noppen. Die Sneakers sind mit&#8230;<\/p>\n","protected":false},"featured_media":12018,"template":"","meta":{"_acf_changed":false,"inline_featured_image":false},"product_brand":[],"product_cat":[53,87,57],"product_tag":[183],"class_list":{"0":"post-12046","1":"product","2":"type-product","3":"status-publish","4":"has-post-thumbnail","6":"product_cat-damen","7":"product_cat-schuhe-damen","8":"product_cat-sneaker-damen","9":"product_tag-hogan","11":"first","12":"instock","13":"shipping-taxable","14":"purchasable","15":"product-type-variable"},"acf":[],"_links":{"self":[{"href":"https:\/\/kuntnerforludovica.com\/de\/wp-json\/wp\/v2\/product\/12046","targetHints":{"allow":["GET"]}}],"collection":[{"href":"https:\/\/kuntnerforludovica.com\/de\/wp-json\/wp\/v2\/product"}],"about":[{"href":"https:\/\/kuntnerforludovica.com\/de\/wp-json\/wp\/v2\/types\/product"}],"wp:featuredmedia":[{"embeddable":true,"href":"https:\/\/kuntnerforludovica.com\/de\/wp-json\/wp\/v2\/media\/12018"}],"wp:attachment":[{"href":"https:\/\/kuntnerforludovica.com\/de\/wp-json\/wp\/v2\/media?parent=12046"}],"wp:term":[{"taxonomy":"product_brand","embeddable":true,"href":"https:\/\/kuntnerforludovica.com\/de\/wp-json\/wp\/v2\/product_brand?post=12046"},{"taxonomy":"product_cat","embeddable":true,"href":"https:\/\/kuntnerforludovica.com\/de\/wp-json\/wp\/v2\/product_cat?post=12046"},{"taxonomy":"product_tag","embeddable":true,"href":"https:\/\/kuntnerforludovica.com\/de\/wp-json\/wp\/v2\/product_tag?post=12046"}],"curies":[{"name":"wp","href":"https:\/\/api.w.org\/{rel}","templated":true}]}}