{"id":11958,"date":"2026-01-29T13:13:55","date_gmt":"2026-01-29T13:13:55","guid":{"rendered":"https:\/\/kuntnerforludovica.com\/prodotto\/hogan-cool-sneakers-aus-braunem-wildleder\/"},"modified":"2026-01-29T13:13:55","modified_gmt":"2026-01-29T13:13:55","slug":"hogan-cool-sneakers-aus-braunem-wildleder","status":"publish","type":"product","link":"https:\/\/kuntnerforludovica.com\/de\/prodotto\/hogan-cool-sneakers-aus-braunem-wildleder\/","title":{"rendered":"Hogan Cool Sneakers aus braunem Wildleder"},"content":{"rendered":"<p>Eine perfekte Kombination aus Retro-Elementen und zeitgem\u00e4\u00dfen Linien zeichnen die Hogan Cool Sneakers durch ihren klaren, eleganten Look aus. Mit einer gepolsterten Zunge gefertigt, besteht das Obermaterial aus Veloursleder mit einem gezackten seitlichen H aus Nappaleder. Als Neuinterpretation des historischen Modells H327 erinnert die bernsteinfarbene Sohle an das schr\u00e4ge Monogramm auf der Laufsohle. Die Memory-Foam-Innensohle sorgt f\u00fcr ged\u00e4mpften Tragekomfort.<\/p>\n<p>Hogan Cool Herren-Sneakers<br \/>\nObermaterial aus Veloursleder<br \/>\nSeitliches H aus Nappaleder<br \/>\nDetails aus Glattleder<br \/>\n16 mm Memory-Foam-Innensohle<br \/>\nGummi-Cupsohle (TPU)<br \/>\nGesamth\u00f6he 2,8 cm<\/p>\n<p>Modell: HXM6470FB60UWX419E<\/p>\n","protected":false},"excerpt":{"rendered":"<p>Eine perfekte Kombination aus Retro-Elementen und zeitgem\u00e4\u00dfen Linien zeichnen die Hogan Cool Sneakers durch ihren klaren, eleganten Look aus. Mit einer gepolsterten Zunge gefertigt, besteht das Obermaterial aus Veloursleder mit&#8230;<\/p>\n","protected":false},"featured_media":11914,"template":"","meta":{"_acf_changed":false,"inline_featured_image":false},"product_brand":[],"product_cat":[66,129,70],"product_tag":[183],"class_list":{"0":"post-11958","1":"product","2":"type-product","3":"status-publish","4":"has-post-thumbnail","6":"product_cat-herren","7":"product_cat-schuhe-herren","8":"product_cat-sneaker-herren","9":"product_tag-hogan","11":"first","12":"instock","13":"shipping-taxable","14":"purchasable","15":"product-type-variable"},"acf":[],"_links":{"self":[{"href":"https:\/\/kuntnerforludovica.com\/de\/wp-json\/wp\/v2\/product\/11958","targetHints":{"allow":["GET"]}}],"collection":[{"href":"https:\/\/kuntnerforludovica.com\/de\/wp-json\/wp\/v2\/product"}],"about":[{"href":"https:\/\/kuntnerforludovica.com\/de\/wp-json\/wp\/v2\/types\/product"}],"wp:featuredmedia":[{"embeddable":true,"href":"https:\/\/kuntnerforludovica.com\/de\/wp-json\/wp\/v2\/media\/11914"}],"wp:attachment":[{"href":"https:\/\/kuntnerforludovica.com\/de\/wp-json\/wp\/v2\/media?parent=11958"}],"wp:term":[{"taxonomy":"product_brand","embeddable":true,"href":"https:\/\/kuntnerforludovica.com\/de\/wp-json\/wp\/v2\/product_brand?post=11958"},{"taxonomy":"product_cat","embeddable":true,"href":"https:\/\/kuntnerforludovica.com\/de\/wp-json\/wp\/v2\/product_cat?post=11958"},{"taxonomy":"product_tag","embeddable":true,"href":"https:\/\/kuntnerforludovica.com\/de\/wp-json\/wp\/v2\/product_tag?post=11958"}],"curies":[{"name":"wp","href":"https:\/\/api.w.org\/{rel}","templated":true}]}}