{"id":11697,"date":"2026-01-29T11:57:43","date_gmt":"2026-01-29T11:57:43","guid":{"rendered":"https:\/\/kuntnerforludovica.com\/prodotto\/tods-schwarze-leder-loafer\/"},"modified":"2026-01-29T11:57:43","modified_gmt":"2026-01-29T11:57:43","slug":"tods-schwarze-leder-loafer","status":"publish","type":"product","link":"https:\/\/kuntnerforludovica.com\/de\/prodotto\/tods-schwarze-leder-loafer\/","title":{"rendered":"Tod\u2019s Schwarze Leder-Loafer"},"content":{"rendered":"<p data-start=\"622\" data-end=\"829\">Elegante Loafer aus hochwertigem Kalbsleder mit Riegel. Veredelt durch ein eingepr\u00e4gtes Tod\u2019s-Monogramm und handgefertigte sichtbare N\u00e4hte, verf\u00fcgen sie \u00fcber eine Gummisohle mit ikonischen erhabenen Details.<\/p>\n<p data-start=\"831\" data-end=\"1039\"><strong data-start=\"831\" data-end=\"854\">Tod\u2019s Herren-Loafer<\/strong><br data-start=\"854\" data-end=\"857\" \/>Made in Italy<br data-start=\"870\" data-end=\"873\" \/>Obermaterial aus Kalbsleder<br data-start=\"900\" data-end=\"903\" \/>Riegel<br data-start=\"909\" data-end=\"912\" \/>Eingepr\u00e4gtes Tod\u2019s-Logo<br data-start=\"935\" data-end=\"938\" \/>Sichtbare handgefertigte N\u00e4hte<br data-start=\"968\" data-end=\"971\" \/>Lederfutter und Lederinnensohle<br data-start=\"1002\" data-end=\"1005\" \/>Gummisohle mit erhabenen Details<\/p>\n","protected":false},"excerpt":{"rendered":"<p>Elegante Loafer aus hochwertigem Kalbsleder mit Riegel. Veredelt durch ein eingepr\u00e4gtes Tod\u2019s-Monogramm und handgefertigte sichtbare N\u00e4hte, verf\u00fcgen sie \u00fcber eine Gummisohle mit ikonischen erhabenen Details. Tod\u2019s Herren-LoaferMade in ItalyObermaterial aus&#8230;<\/p>\n","protected":false},"featured_media":11687,"template":"","meta":{"_acf_changed":false,"inline_featured_image":false},"product_brand":[],"product_cat":[66,60,64,198],"product_tag":[72,209],"class_list":{"0":"post-11697","1":"product","2":"type-product","3":"status-publish","4":"has-post-thumbnail","6":"product_cat-herren","7":"product_cat-sale-deu","8":"product_cat-sale-herren","9":"product_cat-schuhe-sale","10":"product_tag-schwarz","11":"product_tag-tods-2","13":"first","14":"instock","15":"sale","16":"shipping-taxable","17":"purchasable","18":"product-type-variable"},"acf":[],"_links":{"self":[{"href":"https:\/\/kuntnerforludovica.com\/de\/wp-json\/wp\/v2\/product\/11697","targetHints":{"allow":["GET"]}}],"collection":[{"href":"https:\/\/kuntnerforludovica.com\/de\/wp-json\/wp\/v2\/product"}],"about":[{"href":"https:\/\/kuntnerforludovica.com\/de\/wp-json\/wp\/v2\/types\/product"}],"wp:featuredmedia":[{"embeddable":true,"href":"https:\/\/kuntnerforludovica.com\/de\/wp-json\/wp\/v2\/media\/11687"}],"wp:attachment":[{"href":"https:\/\/kuntnerforludovica.com\/de\/wp-json\/wp\/v2\/media?parent=11697"}],"wp:term":[{"taxonomy":"product_brand","embeddable":true,"href":"https:\/\/kuntnerforludovica.com\/de\/wp-json\/wp\/v2\/product_brand?post=11697"},{"taxonomy":"product_cat","embeddable":true,"href":"https:\/\/kuntnerforludovica.com\/de\/wp-json\/wp\/v2\/product_cat?post=11697"},{"taxonomy":"product_tag","embeddable":true,"href":"https:\/\/kuntnerforludovica.com\/de\/wp-json\/wp\/v2\/product_tag?post=11697"}],"curies":[{"name":"wp","href":"https:\/\/api.w.org\/{rel}","templated":true}]}}