{"id":11402,"date":"2026-01-28T15:55:33","date_gmt":"2026-01-28T15:55:33","guid":{"rendered":"https:\/\/kuntnerforludovica.com\/prodotto\/hogan-h692-chelsea-boots-in-braun\/"},"modified":"2026-01-28T15:55:33","modified_gmt":"2026-01-28T15:55:33","slug":"hogan-h692-chelsea-boots-in-braun","status":"publish","type":"product","link":"https:\/\/kuntnerforludovica.com\/de\/prodotto\/hogan-h692-chelsea-boots-in-braun\/","title":{"rendered":"Hogan H692 Chelsea Boots in Braun"},"content":{"rendered":"<p>Skulptural und markant: Eine von Hiking-Sohlen inspirierte Laufsohle trifft auf ein elegantes Obermaterial und definiert diesen neuen urbanen Hybrid. Die Hogan H692 Chelsea Boots sind aus Veloursleder gefertigt und verf\u00fcgen \u00fcber seitliche elastische Eins\u00e4tze, Schlaufen am oberen Rand sowie eine komfortable Memory-Foam-Innensohle.<\/p>\n<p>Hogan H692 Herren-Chelsea-Boots<br \/>\nMade in Italy<br \/>\nObermaterial aus Veloursleder<br \/>\nSeitliche elastische Eins\u00e4tze<br \/>\nLederfutter<br \/>\nMemory-Foam-Innensohle<br \/>\nProfilierte Gummisohle<br \/>\nGesamth\u00f6he: 6 cm<\/p>\n<p>Modell: HXM6920FT20BYES808<\/p>\n","protected":false},"excerpt":{"rendered":"<p>Skulptural und markant: Eine von Hiking-Sohlen inspirierte Laufsohle trifft auf ein elegantes Obermaterial und definiert diesen neuen urbanen Hybrid. Die Hogan H692 Chelsea Boots sind aus Veloursleder gefertigt und verf\u00fcgen&#8230;<\/p>\n","protected":false},"featured_media":11396,"template":"","meta":{"_acf_changed":false,"inline_featured_image":false},"product_brand":[202],"product_cat":[66,60,64,198],"product_tag":[212,183],"class_list":{"0":"post-11402","1":"product","2":"type-product","3":"status-publish","4":"has-post-thumbnail","6":"product_brand-hogan","7":"product_cat-herren","8":"product_cat-sale-deu","9":"product_cat-sale-herren","10":"product_cat-schuhe-sale","11":"product_tag-braun","12":"product_tag-hogan","14":"first","15":"instock","16":"sale","17":"shipping-taxable","18":"purchasable","19":"product-type-variable"},"acf":[],"_links":{"self":[{"href":"https:\/\/kuntnerforludovica.com\/de\/wp-json\/wp\/v2\/product\/11402","targetHints":{"allow":["GET"]}}],"collection":[{"href":"https:\/\/kuntnerforludovica.com\/de\/wp-json\/wp\/v2\/product"}],"about":[{"href":"https:\/\/kuntnerforludovica.com\/de\/wp-json\/wp\/v2\/types\/product"}],"wp:featuredmedia":[{"embeddable":true,"href":"https:\/\/kuntnerforludovica.com\/de\/wp-json\/wp\/v2\/media\/11396"}],"wp:attachment":[{"href":"https:\/\/kuntnerforludovica.com\/de\/wp-json\/wp\/v2\/media?parent=11402"}],"wp:term":[{"taxonomy":"product_brand","embeddable":true,"href":"https:\/\/kuntnerforludovica.com\/de\/wp-json\/wp\/v2\/product_brand?post=11402"},{"taxonomy":"product_cat","embeddable":true,"href":"https:\/\/kuntnerforludovica.com\/de\/wp-json\/wp\/v2\/product_cat?post=11402"},{"taxonomy":"product_tag","embeddable":true,"href":"https:\/\/kuntnerforludovica.com\/de\/wp-json\/wp\/v2\/product_tag?post=11402"}],"curies":[{"name":"wp","href":"https:\/\/api.w.org\/{rel}","templated":true}]}}