{"id":11333,"date":"2026-01-28T15:03:14","date_gmt":"2026-01-28T15:03:14","guid":{"rendered":"https:\/\/kuntnerforludovica.com\/prodotto\/hogan-h673-chelsea-boots-in-braun\/"},"modified":"2026-01-28T15:03:14","modified_gmt":"2026-01-28T15:03:14","slug":"hogan-h673-chelsea-boots-in-braun","status":"publish","type":"product","link":"https:\/\/kuntnerforludovica.com\/de\/prodotto\/hogan-h673-chelsea-boots-in-braun\/","title":{"rendered":"Hogan H673 Chelsea Boots in Braun"},"content":{"rendered":"<p>Die Hogan H673 Chelsea Boots sind aus Glattleder gefertigt und verf\u00fcgen \u00fcber seitliche elastische Eins\u00e4tze sowie eine kontrastierende Gummisohle. Das klare, reduzierte Design mit ausgewogenen Proportionen interpretiert einen klassischen Schuhstil auf moderne und vielseitige Weise neu.<\/p>\n<p>Obermaterial: 100 % Leder<br \/>\nFarbe: Braun<br \/>\nWeiche Innensohle: 5 mm<br \/>\nEVA-Sohle<br \/>\nSeitliche elastische Eins\u00e4tze<br \/>\nMade in Italy<\/p>\n<p>Modell: HXM6730FM60KXTS800<\/p>\n","protected":false},"excerpt":{"rendered":"<p>Die Hogan H673 Chelsea Boots sind aus Glattleder gefertigt und verf\u00fcgen \u00fcber seitliche elastische Eins\u00e4tze sowie eine kontrastierende Gummisohle. Das klare, reduzierte Design mit ausgewogenen Proportionen interpretiert einen klassischen Schuhstil&#8230;<\/p>\n","protected":false},"featured_media":11324,"template":"","meta":{"_acf_changed":false,"inline_featured_image":false},"product_brand":[202],"product_cat":[66,60,64,198],"product_tag":[183],"class_list":{"0":"post-11333","1":"product","2":"type-product","3":"status-publish","4":"has-post-thumbnail","6":"product_brand-hogan","7":"product_cat-herren","8":"product_cat-sale-deu","9":"product_cat-sale-herren","10":"product_cat-schuhe-sale","11":"product_tag-hogan","13":"first","14":"instock","15":"sale","16":"shipping-taxable","17":"purchasable","18":"product-type-variable"},"acf":[],"_links":{"self":[{"href":"https:\/\/kuntnerforludovica.com\/de\/wp-json\/wp\/v2\/product\/11333","targetHints":{"allow":["GET"]}}],"collection":[{"href":"https:\/\/kuntnerforludovica.com\/de\/wp-json\/wp\/v2\/product"}],"about":[{"href":"https:\/\/kuntnerforludovica.com\/de\/wp-json\/wp\/v2\/types\/product"}],"wp:featuredmedia":[{"embeddable":true,"href":"https:\/\/kuntnerforludovica.com\/de\/wp-json\/wp\/v2\/media\/11324"}],"wp:attachment":[{"href":"https:\/\/kuntnerforludovica.com\/de\/wp-json\/wp\/v2\/media?parent=11333"}],"wp:term":[{"taxonomy":"product_brand","embeddable":true,"href":"https:\/\/kuntnerforludovica.com\/de\/wp-json\/wp\/v2\/product_brand?post=11333"},{"taxonomy":"product_cat","embeddable":true,"href":"https:\/\/kuntnerforludovica.com\/de\/wp-json\/wp\/v2\/product_cat?post=11333"},{"taxonomy":"product_tag","embeddable":true,"href":"https:\/\/kuntnerforludovica.com\/de\/wp-json\/wp\/v2\/product_tag?post=11333"}],"curies":[{"name":"wp","href":"https:\/\/api.w.org\/{rel}","templated":true}]}}