{"id":11292,"date":"2026-01-28T14:46:28","date_gmt":"2026-01-28T14:46:28","guid":{"rendered":"https:\/\/kuntnerforludovica.com\/prodotto\/hogan-h673-schnuerstiefel-in-blau\/"},"modified":"2026-01-28T14:46:28","modified_gmt":"2026-01-28T14:46:28","slug":"hogan-h673-schnuerstiefel-in-blau","status":"publish","type":"product","link":"https:\/\/kuntnerforludovica.com\/de\/prodotto\/hogan-h673-schnuerstiefel-in-blau\/","title":{"rendered":"Hogan H673 Schn\u00fcrstiefel in Blau"},"content":{"rendered":"<p>Der Inbegriff zeitgen\u00f6ssischer urbaner \u00c4sthetik und Attit\u00fcde: Diese Schn\u00fcrstiefel verf\u00fcgen \u00fcber eine neue extraleichte Zwei-Insel-Sohle mit Workwear-Inspiration. Gefertigt aus Veloursleder, \u00fcberzeugen sie mit einem klaren, reduzierten Obermaterial. Abgerundet durch eine weiche Innensohle sind sie ein markantes Modell f\u00fcr den Alltag.<\/p>\n<p>Hogan H673 Herren-Stiefel<br \/>\nMade in Italy<br \/>\nObermaterial aus Veloursleder<br \/>\nWeiche Innensohle 5 mm<br \/>\nEVA-Sohle<br \/>\nGesamth\u00f6he: 5 cm<\/p>\n<p>Modell: HXM6730FN40HG0U805<\/p>\n","protected":false},"excerpt":{"rendered":"<p>Der Inbegriff zeitgen\u00f6ssischer urbaner \u00c4sthetik und Attit\u00fcde: Diese Schn\u00fcrstiefel verf\u00fcgen \u00fcber eine neue extraleichte Zwei-Insel-Sohle mit Workwear-Inspiration. Gefertigt aus Veloursleder, \u00fcberzeugen sie mit einem klaren, reduzierten Obermaterial. Abgerundet durch eine&#8230;<\/p>\n","protected":false},"featured_media":11284,"template":"","meta":{"_acf_changed":false,"inline_featured_image":false},"product_brand":[202],"product_cat":[66,60,64,198],"product_tag":[183],"class_list":{"0":"post-11292","1":"product","2":"type-product","3":"status-publish","4":"has-post-thumbnail","6":"product_brand-hogan","7":"product_cat-herren","8":"product_cat-sale-deu","9":"product_cat-sale-herren","10":"product_cat-schuhe-sale","11":"product_tag-hogan","13":"first","14":"instock","15":"sale","16":"shipping-taxable","17":"purchasable","18":"product-type-variable"},"acf":[],"_links":{"self":[{"href":"https:\/\/kuntnerforludovica.com\/de\/wp-json\/wp\/v2\/product\/11292","targetHints":{"allow":["GET"]}}],"collection":[{"href":"https:\/\/kuntnerforludovica.com\/de\/wp-json\/wp\/v2\/product"}],"about":[{"href":"https:\/\/kuntnerforludovica.com\/de\/wp-json\/wp\/v2\/types\/product"}],"wp:featuredmedia":[{"embeddable":true,"href":"https:\/\/kuntnerforludovica.com\/de\/wp-json\/wp\/v2\/media\/11284"}],"wp:attachment":[{"href":"https:\/\/kuntnerforludovica.com\/de\/wp-json\/wp\/v2\/media?parent=11292"}],"wp:term":[{"taxonomy":"product_brand","embeddable":true,"href":"https:\/\/kuntnerforludovica.com\/de\/wp-json\/wp\/v2\/product_brand?post=11292"},{"taxonomy":"product_cat","embeddable":true,"href":"https:\/\/kuntnerforludovica.com\/de\/wp-json\/wp\/v2\/product_cat?post=11292"},{"taxonomy":"product_tag","embeddable":true,"href":"https:\/\/kuntnerforludovica.com\/de\/wp-json\/wp\/v2\/product_tag?post=11292"}],"curies":[{"name":"wp","href":"https:\/\/api.w.org\/{rel}","templated":true}]}}