{"id":11087,"date":"2026-01-28T13:06:11","date_gmt":"2026-01-28T13:06:11","guid":{"rendered":"https:\/\/kuntnerforludovica.com\/prodotto\/hogan-h-stripes-sneaker-in-blau\/"},"modified":"2026-01-29T10:00:30","modified_gmt":"2026-01-29T10:00:30","slug":"hogan-h-stripes-sneaker-in-blau","status":"publish","type":"product","link":"https:\/\/kuntnerforludovica.com\/de\/prodotto\/hogan-h-stripes-sneaker-in-blau\/","title":{"rendered":"Hogan H-Stripes Sneaker in Blau"},"content":{"rendered":"<p>Die H-Stripes Sneaker zeichnen sich durch sportliche und vielseitige Linien aus und verf\u00fcgen \u00fcber eine extraleichte Sohle mit vertikalen Streifen. Das kompakte und ausgewogene Obermaterial wird durch ein H-Detail hervorgehoben, das sich \u00fcber die gesamte Seite erstreckt. Der obere Rand mit N\u00e4hten an der Fersenlasche ist weich gepolstert und sorgt f\u00fcr hohen Tragekomfort. Diese Version ist aus Glattleder gefertigt und verf\u00fcgt \u00fcber eine Memory-Foam-Innensohle f\u00fcr optimale D\u00e4mpfung.<\/p>\n<p>Hogan H-Stripes Herren-Sneaker<br \/>\nMade in Italy<br \/>\nObermaterial aus Glattleder mit seitlichem H<br \/>\n8 mm Memory-Foam-Innensohle<br \/>\nEVA-Sohle<br \/>\nGesamth\u00f6he: 4,8 cm<\/p>\n<p>Modell: HXM6450FC6TUDMU801<\/p>\n","protected":false},"excerpt":{"rendered":"<p>Die H-Stripes Sneaker zeichnen sich durch sportliche und vielseitige Linien aus und verf\u00fcgen \u00fcber eine extraleichte Sohle mit vertikalen Streifen. Das kompakte und ausgewogene Obermaterial wird durch ein H-Detail hervorgehoben,&#8230;<\/p>\n","protected":false},"featured_media":11553,"template":"","meta":{"_acf_changed":false,"inline_featured_image":false},"product_brand":[],"product_cat":[66,60,64,198],"product_tag":[183],"class_list":{"0":"post-11087","1":"product","2":"type-product","3":"status-publish","4":"has-post-thumbnail","6":"product_cat-herren","7":"product_cat-sale-deu","8":"product_cat-sale-herren","9":"product_cat-schuhe-sale","10":"product_tag-hogan","12":"first","13":"instock","14":"sale","15":"shipping-taxable","16":"purchasable","17":"product-type-variable"},"acf":[],"_links":{"self":[{"href":"https:\/\/kuntnerforludovica.com\/de\/wp-json\/wp\/v2\/product\/11087","targetHints":{"allow":["GET"]}}],"collection":[{"href":"https:\/\/kuntnerforludovica.com\/de\/wp-json\/wp\/v2\/product"}],"about":[{"href":"https:\/\/kuntnerforludovica.com\/de\/wp-json\/wp\/v2\/types\/product"}],"wp:featuredmedia":[{"embeddable":true,"href":"https:\/\/kuntnerforludovica.com\/de\/wp-json\/wp\/v2\/media\/11553"}],"wp:attachment":[{"href":"https:\/\/kuntnerforludovica.com\/de\/wp-json\/wp\/v2\/media?parent=11087"}],"wp:term":[{"taxonomy":"product_brand","embeddable":true,"href":"https:\/\/kuntnerforludovica.com\/de\/wp-json\/wp\/v2\/product_brand?post=11087"},{"taxonomy":"product_cat","embeddable":true,"href":"https:\/\/kuntnerforludovica.com\/de\/wp-json\/wp\/v2\/product_cat?post=11087"},{"taxonomy":"product_tag","embeddable":true,"href":"https:\/\/kuntnerforludovica.com\/de\/wp-json\/wp\/v2\/product_tag?post=11087"}],"curies":[{"name":"wp","href":"https:\/\/api.w.org\/{rel}","templated":true}]}}