{"id":10992,"date":"2026-01-28T12:41:19","date_gmt":"2026-01-28T12:41:19","guid":{"rendered":"https:\/\/kuntnerforludovica.com\/prodotto\/hogan-h-stripes-sneaker-aus-beigem-veloursleder\/"},"modified":"2026-01-28T12:41:19","modified_gmt":"2026-01-28T12:41:19","slug":"hogan-h-stripes-sneaker-aus-beigem-veloursleder","status":"publish","type":"product","link":"https:\/\/kuntnerforludovica.com\/de\/prodotto\/hogan-h-stripes-sneaker-aus-beigem-veloursleder\/","title":{"rendered":"Hogan H-Stripes Sneaker aus beigem Veloursleder"},"content":{"rendered":"<p>Diese hochwertigen Hogan H-Stripes Sneaker sind aus weichem Veloursleder gefertigt und verleihen einen modernen Look. Das Design wird durch feine Ziern\u00e4hte und eine markante, erh\u00f6hte Plateau-Sohle erg\u00e4nzt. Sie vereinen luxuri\u00f6sen Komfort mit sportlicher Eleganz und sind ein vielseitiger Begleiter f\u00fcr den urbanen Alltag.<\/p>\n<p>Hogan<br \/>\nBeiges Veloursleder<br \/>\nPlateausohle<br \/>\nLogo-Details<br \/>\nSchn\u00fcrverschluss<br \/>\nKontrastdetail an der Ferse<br \/>\nAbgerundete Schuhspitze<br \/>\nMemory-Foam-Innensohle<\/p>\n","protected":false},"excerpt":{"rendered":"<p>Diese hochwertigen Hogan H-Stripes Sneaker sind aus weichem Veloursleder gefertigt und verleihen einen modernen Look. Das Design wird durch feine Ziern\u00e4hte und eine markante, erh\u00f6hte Plateau-Sohle erg\u00e4nzt. Sie vereinen luxuri\u00f6sen&#8230;<\/p>\n","protected":false},"featured_media":10985,"template":"","meta":{"_acf_changed":false,"inline_featured_image":false},"product_brand":[],"product_cat":[66,60,64,198],"product_tag":[183],"class_list":{"0":"post-10992","1":"product","2":"type-product","3":"status-publish","4":"has-post-thumbnail","6":"product_cat-herren","7":"product_cat-sale-deu","8":"product_cat-sale-herren","9":"product_cat-schuhe-sale","10":"product_tag-hogan","12":"first","13":"instock","14":"sale","15":"shipping-taxable","16":"purchasable","17":"product-type-variable"},"acf":[],"_links":{"self":[{"href":"https:\/\/kuntnerforludovica.com\/de\/wp-json\/wp\/v2\/product\/10992","targetHints":{"allow":["GET"]}}],"collection":[{"href":"https:\/\/kuntnerforludovica.com\/de\/wp-json\/wp\/v2\/product"}],"about":[{"href":"https:\/\/kuntnerforludovica.com\/de\/wp-json\/wp\/v2\/types\/product"}],"wp:featuredmedia":[{"embeddable":true,"href":"https:\/\/kuntnerforludovica.com\/de\/wp-json\/wp\/v2\/media\/10985"}],"wp:attachment":[{"href":"https:\/\/kuntnerforludovica.com\/de\/wp-json\/wp\/v2\/media?parent=10992"}],"wp:term":[{"taxonomy":"product_brand","embeddable":true,"href":"https:\/\/kuntnerforludovica.com\/de\/wp-json\/wp\/v2\/product_brand?post=10992"},{"taxonomy":"product_cat","embeddable":true,"href":"https:\/\/kuntnerforludovica.com\/de\/wp-json\/wp\/v2\/product_cat?post=10992"},{"taxonomy":"product_tag","embeddable":true,"href":"https:\/\/kuntnerforludovica.com\/de\/wp-json\/wp\/v2\/product_tag?post=10992"}],"curies":[{"name":"wp","href":"https:\/\/api.w.org\/{rel}","templated":true}]}}