{"id":10915,"date":"2026-01-28T11:15:40","date_gmt":"2026-01-28T11:15:40","guid":{"rendered":"https:\/\/kuntnerforludovica.com\/prodotto\/hogan-h-stripes-sneaker-in-elfenbein-grau-blau\/"},"modified":"2026-01-28T11:15:40","modified_gmt":"2026-01-28T11:15:40","slug":"hogan-h-stripes-sneaker-in-elfenbein-grau-blau","status":"publish","type":"product","link":"https:\/\/kuntnerforludovica.com\/de\/prodotto\/hogan-h-stripes-sneaker-in-elfenbein-grau-blau\/","title":{"rendered":"Hogan H-Stripes Sneaker in Elfenbein Grau Blau"},"content":{"rendered":"<p>Die H-Stripes Sneaker \u00fcberzeugen durch sportliche und vielseitige Linien und sind durch eine extraleichte Sohle mit vertikalen Streifen gekennzeichnet. Das kompakte und ausgewogene Obermaterial wird durch ein H-Detail hervorgehoben, das sich \u00fcber die gesamte Seite erstreckt. Der obere Rand mit N\u00e4hten an der Fersenlasche ist weich gepolstert und sorgt f\u00fcr zus\u00e4tzlichen Komfort. Diese Version ist aus weichem Nappaleder gefertigt und mit einer Memory-Foam-Innensohle f\u00fcr optimale D\u00e4mpfung ausgestattet.<\/p>\n<p>Hogan H-Stripes Herren-Sneaker<br \/>\nMade in Italy<br \/>\nObermaterial aus Nappaleder<br \/>\nSeitliches H aus Veloursleder<br \/>\nDetails aus Glattleder<br \/>\n8 mm Memory-Foam-Innensohle<br \/>\nEVA-Sohle<br \/>\nGesamth\u00f6he: 4,8 cm<\/p>\n<p>MOD: HXM6450FE91UIT3014<\/p>\n","protected":false},"excerpt":{"rendered":"<p>Die H-Stripes Sneaker \u00fcberzeugen durch sportliche und vielseitige Linien und sind durch eine extraleichte Sohle mit vertikalen Streifen gekennzeichnet. Das kompakte und ausgewogene Obermaterial wird durch ein H-Detail hervorgehoben, das&#8230;<\/p>\n","protected":false},"featured_media":10907,"template":"","meta":{"_acf_changed":false,"inline_featured_image":false},"product_brand":[202],"product_cat":[60,64,198],"product_tag":[183],"class_list":{"0":"post-10915","1":"product","2":"type-product","3":"status-publish","4":"has-post-thumbnail","6":"product_brand-hogan","7":"product_cat-sale-deu","8":"product_cat-sale-herren","9":"product_cat-schuhe-sale","10":"product_tag-hogan","12":"first","13":"instock","14":"sale","15":"shipping-taxable","16":"purchasable","17":"product-type-variable"},"acf":[],"_links":{"self":[{"href":"https:\/\/kuntnerforludovica.com\/de\/wp-json\/wp\/v2\/product\/10915","targetHints":{"allow":["GET"]}}],"collection":[{"href":"https:\/\/kuntnerforludovica.com\/de\/wp-json\/wp\/v2\/product"}],"about":[{"href":"https:\/\/kuntnerforludovica.com\/de\/wp-json\/wp\/v2\/types\/product"}],"wp:featuredmedia":[{"embeddable":true,"href":"https:\/\/kuntnerforludovica.com\/de\/wp-json\/wp\/v2\/media\/10907"}],"wp:attachment":[{"href":"https:\/\/kuntnerforludovica.com\/de\/wp-json\/wp\/v2\/media?parent=10915"}],"wp:term":[{"taxonomy":"product_brand","embeddable":true,"href":"https:\/\/kuntnerforludovica.com\/de\/wp-json\/wp\/v2\/product_brand?post=10915"},{"taxonomy":"product_cat","embeddable":true,"href":"https:\/\/kuntnerforludovica.com\/de\/wp-json\/wp\/v2\/product_cat?post=10915"},{"taxonomy":"product_tag","embeddable":true,"href":"https:\/\/kuntnerforludovica.com\/de\/wp-json\/wp\/v2\/product_tag?post=10915"}],"curies":[{"name":"wp","href":"https:\/\/api.w.org\/{rel}","templated":true}]}}