{"id":10873,"date":"2026-01-28T11:03:39","date_gmt":"2026-01-28T11:03:39","guid":{"rendered":"https:\/\/kuntnerforludovica.com\/prodotto\/hogan-h580-slip-on-sneaker-aus-braunem-veloursleder\/"},"modified":"2026-02-05T12:45:11","modified_gmt":"2026-02-05T12:45:11","slug":"hogan-h580-slip-on-sneaker-aus-braunem-veloursleder","status":"publish","type":"product","link":"https:\/\/kuntnerforludovica.com\/de\/prodotto\/hogan-h580-slip-on-sneaker-aus-braunem-veloursleder\/","title":{"rendered":"Hogan H580 Slip-On Sneaker aus braunem Veloursleder"},"content":{"rendered":"<p>Der Hogan H580 wurde mit Blick auf Wind und flie\u00dfende Bewegung entworfen und zeichnet sich durch harmonische Volumen und eine aerodynamische Sohle aus. In dieser Slip-On-Version ist er aus Veloursleder gefertigt, mit weichen Linien und seitlichem H-Detail. Ein urban-casual Modell mit einem Memory-Foam-Fu\u00dfbett, das f\u00fcr eine angenehm ged\u00e4mpfte Passform sorgt.<\/p>\n<p>Hogan H580 Herren-Slip-On-Sneaker<br \/>\nMade in Italy<br \/>\nObermaterial aus Veloursleder<br \/>\nSeitliches H-Logo<br \/>\nVerdeckte elastische Eins\u00e4tze<br \/>\n8 mm Memory-Foam-Fu\u00dfbett<br \/>\nGummisohle<br \/>\nGesamth\u00f6he: 4,5 cm<\/p>\n<p>Modell: HXM5800BE00HG0C801<\/p>\n","protected":false},"excerpt":{"rendered":"<p>Der Hogan H580 wurde mit Blick auf Wind und flie\u00dfende Bewegung entworfen und zeichnet sich durch harmonische Volumen und eine aerodynamische Sohle aus. In dieser Slip-On-Version ist er aus Veloursleder&#8230;<\/p>\n","protected":false},"featured_media":10851,"template":"","meta":{"_acf_changed":false,"inline_featured_image":false},"product_brand":[202],"product_cat":[66,129,135,70],"product_tag":[183],"class_list":{"0":"post-10873","1":"product","2":"type-product","3":"status-publish","4":"has-post-thumbnail","6":"product_brand-hogan","7":"product_cat-herren","8":"product_cat-schuhe-herren","9":"product_cat-slip-ons-herren","10":"product_cat-sneaker-herren","11":"product_tag-hogan","13":"first","14":"instock","15":"shipping-taxable","16":"purchasable","17":"product-type-variable"},"acf":[],"_links":{"self":[{"href":"https:\/\/kuntnerforludovica.com\/de\/wp-json\/wp\/v2\/product\/10873","targetHints":{"allow":["GET"]}}],"collection":[{"href":"https:\/\/kuntnerforludovica.com\/de\/wp-json\/wp\/v2\/product"}],"about":[{"href":"https:\/\/kuntnerforludovica.com\/de\/wp-json\/wp\/v2\/types\/product"}],"wp:featuredmedia":[{"embeddable":true,"href":"https:\/\/kuntnerforludovica.com\/de\/wp-json\/wp\/v2\/media\/10851"}],"wp:attachment":[{"href":"https:\/\/kuntnerforludovica.com\/de\/wp-json\/wp\/v2\/media?parent=10873"}],"wp:term":[{"taxonomy":"product_brand","embeddable":true,"href":"https:\/\/kuntnerforludovica.com\/de\/wp-json\/wp\/v2\/product_brand?post=10873"},{"taxonomy":"product_cat","embeddable":true,"href":"https:\/\/kuntnerforludovica.com\/de\/wp-json\/wp\/v2\/product_cat?post=10873"},{"taxonomy":"product_tag","embeddable":true,"href":"https:\/\/kuntnerforludovica.com\/de\/wp-json\/wp\/v2\/product_tag?post=10873"}],"curies":[{"name":"wp","href":"https:\/\/api.w.org\/{rel}","templated":true}]}}