{"id":10804,"date":"2026-01-28T10:52:02","date_gmt":"2026-01-28T10:52:02","guid":{"rendered":"https:\/\/kuntnerforludovica.com\/prodotto\/hogan-rebel-sneaker-in-grau-elfenbein-beige\/"},"modified":"2026-01-28T10:52:02","modified_gmt":"2026-01-28T10:52:02","slug":"hogan-rebel-sneaker-in-grau-elfenbein-beige","status":"publish","type":"product","link":"https:\/\/kuntnerforludovica.com\/de\/prodotto\/hogan-rebel-sneaker-in-grau-elfenbein-beige\/","title":{"rendered":"Hogan Rebel Sneaker in Grau Elfenbein Beige"},"content":{"rendered":"<p>Das ikonische Hogan-Rebel-Design wurde in Gestaltung und Volumen neu interpretiert und zeichnet sich durch eine extraleichte Sohle mit Rillen im hinteren Bereich aus. Mit ihren weichen, eleganten Linien sind diese Sneaker aus geschmeidigem Nappaleder gefertigt und verf\u00fcgen \u00fcber ein wellenf\u00f6rmiges seitliches H aus Veloursleder. Die Memory-Foam-Innensohle sorgt f\u00fcr optimale D\u00e4mpfung und macht dieses Modell cool und vielseitig.<\/p>\n<p>Hogan Rebel Damen-Sneaker<br \/>\nMade in Italy<br \/>\nObermaterial aus Nappaleder<br \/>\nSeitliches H aus Veloursleder<br \/>\n5 mm Memory-Foam-Innensohle<br \/>\nGummisohle<br \/>\nGesamth\u00f6he: 5 cm<\/p>\n<p>MOD: HXW5620DN61N1M0RV9<\/p>\n","protected":false},"excerpt":{"rendered":"<p>Das ikonische Hogan-Rebel-Design wurde in Gestaltung und Volumen neu interpretiert und zeichnet sich durch eine extraleichte Sohle mit Rillen im hinteren Bereich aus. Mit ihren weichen, eleganten Linien sind diese&#8230;<\/p>\n","protected":false},"featured_media":10770,"template":"","meta":{"_acf_changed":false,"inline_featured_image":false},"product_brand":[],"product_cat":[53,87,57],"product_tag":[183],"class_list":{"0":"post-10804","1":"product","2":"type-product","3":"status-publish","4":"has-post-thumbnail","6":"product_cat-damen","7":"product_cat-schuhe-damen","8":"product_cat-sneaker-damen","9":"product_tag-hogan","11":"first","12":"instock","13":"shipping-taxable","14":"purchasable","15":"product-type-variable"},"acf":[],"_links":{"self":[{"href":"https:\/\/kuntnerforludovica.com\/de\/wp-json\/wp\/v2\/product\/10804","targetHints":{"allow":["GET"]}}],"collection":[{"href":"https:\/\/kuntnerforludovica.com\/de\/wp-json\/wp\/v2\/product"}],"about":[{"href":"https:\/\/kuntnerforludovica.com\/de\/wp-json\/wp\/v2\/types\/product"}],"wp:featuredmedia":[{"embeddable":true,"href":"https:\/\/kuntnerforludovica.com\/de\/wp-json\/wp\/v2\/media\/10770"}],"wp:attachment":[{"href":"https:\/\/kuntnerforludovica.com\/de\/wp-json\/wp\/v2\/media?parent=10804"}],"wp:term":[{"taxonomy":"product_brand","embeddable":true,"href":"https:\/\/kuntnerforludovica.com\/de\/wp-json\/wp\/v2\/product_brand?post=10804"},{"taxonomy":"product_cat","embeddable":true,"href":"https:\/\/kuntnerforludovica.com\/de\/wp-json\/wp\/v2\/product_cat?post=10804"},{"taxonomy":"product_tag","embeddable":true,"href":"https:\/\/kuntnerforludovica.com\/de\/wp-json\/wp\/v2\/product_tag?post=10804"}],"curies":[{"name":"wp","href":"https:\/\/api.w.org\/{rel}","templated":true}]}}