{"id":10705,"date":"2026-01-28T10:35:12","date_gmt":"2026-01-28T10:35:12","guid":{"rendered":"https:\/\/kuntnerforludovica.com\/prodotto\/hogan-olympia-sneaker-aus-blauem-veloursleder\/"},"modified":"2026-01-28T10:35:12","modified_gmt":"2026-01-28T10:35:12","slug":"hogan-olympia-sneaker-aus-blauem-veloursleder","status":"publish","type":"product","link":"https:\/\/kuntnerforludovica.com\/de\/prodotto\/hogan-olympia-sneaker-aus-blauem-veloursleder\/","title":{"rendered":"Hogan Olympia Sneaker aus blauem Veloursleder"},"content":{"rendered":"<p>Ein schlanker, \u00e4u\u00dferst femininer Sneaker, kombiniert mit einer sportlichen, vom Fu\u00dfball inspirierten Sohle: Die Hogan Olympia Sneaker sind eine moderne Neuinterpretation des ikonischen Modells der Marke und spielen mit Kontrasten. Gefertigt aus Veloursleder mit seitlichem H, zeichnen sie sich durch N\u00e4hte im Retro-Stil aus. Ein neues Damenmodell mit elegantem Touch, erg\u00e4nzt durch eine weiche Memory-Foam-Innensohle.<\/p>\n<p>Hogan Olympia Damen-Sneaker<br \/>\nMade in Italy<br \/>\nObermaterial aus Veloursleder<br \/>\nNubuk-Details<br \/>\nSeitliches H-Logo<br \/>\nGepr\u00e4gtes Logo auf Zunge und Ferse<br \/>\nLederfutter<br \/>\n9 mm Memory-Foam-Innensohle<br \/>\nGummisohle<br \/>\nGesamth\u00f6he: 3,2 cm<\/p>\n<p>MOD: HXW6930FX20U5W0FAB<\/p>\n","protected":false},"excerpt":{"rendered":"<p>Ein schlanker, \u00e4u\u00dferst femininer Sneaker, kombiniert mit einer sportlichen, vom Fu\u00dfball inspirierten Sohle: Die Hogan Olympia Sneaker sind eine moderne Neuinterpretation des ikonischen Modells der Marke und spielen mit Kontrasten&#8230;.<\/p>\n","protected":false},"featured_media":10681,"template":"","meta":{"_acf_changed":false,"inline_featured_image":false},"product_brand":[202],"product_cat":[53,87,57],"product_tag":[183],"class_list":{"0":"post-10705","1":"product","2":"type-product","3":"status-publish","4":"has-post-thumbnail","6":"product_brand-hogan","7":"product_cat-damen","8":"product_cat-schuhe-damen","9":"product_cat-sneaker-damen","10":"product_tag-hogan","12":"first","13":"instock","14":"shipping-taxable","15":"purchasable","16":"product-type-variable"},"acf":[],"_links":{"self":[{"href":"https:\/\/kuntnerforludovica.com\/de\/wp-json\/wp\/v2\/product\/10705","targetHints":{"allow":["GET"]}}],"collection":[{"href":"https:\/\/kuntnerforludovica.com\/de\/wp-json\/wp\/v2\/product"}],"about":[{"href":"https:\/\/kuntnerforludovica.com\/de\/wp-json\/wp\/v2\/types\/product"}],"wp:featuredmedia":[{"embeddable":true,"href":"https:\/\/kuntnerforludovica.com\/de\/wp-json\/wp\/v2\/media\/10681"}],"wp:attachment":[{"href":"https:\/\/kuntnerforludovica.com\/de\/wp-json\/wp\/v2\/media?parent=10705"}],"wp:term":[{"taxonomy":"product_brand","embeddable":true,"href":"https:\/\/kuntnerforludovica.com\/de\/wp-json\/wp\/v2\/product_brand?post=10705"},{"taxonomy":"product_cat","embeddable":true,"href":"https:\/\/kuntnerforludovica.com\/de\/wp-json\/wp\/v2\/product_cat?post=10705"},{"taxonomy":"product_tag","embeddable":true,"href":"https:\/\/kuntnerforludovica.com\/de\/wp-json\/wp\/v2\/product_tag?post=10705"}],"curies":[{"name":"wp","href":"https:\/\/api.w.org\/{rel}","templated":true}]}}