{"id":10650,"date":"2026-01-28T10:23:43","date_gmt":"2026-01-28T10:23:43","guid":{"rendered":"https:\/\/kuntnerforludovica.com\/prodotto\/hogan-olympia-sneaker-in-elfenbein-beige\/"},"modified":"2026-01-28T10:23:43","modified_gmt":"2026-01-28T10:23:43","slug":"hogan-olympia-sneaker-in-elfenbein-beige","status":"publish","type":"product","link":"https:\/\/kuntnerforludovica.com\/de\/prodotto\/hogan-olympia-sneaker-in-elfenbein-beige\/","title":{"rendered":"Hogan Olympia Sneaker in Elfenbein-Beige"},"content":{"rendered":"<p>Ein schlanker, \u00e4u\u00dferst femininer Sneaker, kombiniert mit einer sportlichen, vom Fu\u00dfball inspirierten Sohle: Die Hogan Olympia Sneaker sind eine moderne Neuinterpretation des ikonischen Modells der Marke und spielen mit Kontrasten. Gefertigt aus Nappaleder und Veloursleder mit seitlichem H, \u00fcberzeugen sie durch gepolsterte Details und N\u00e4hte im Retro-Stil. Ein neues Damenmodell mit elegantem Touch, erg\u00e4nzt durch eine weiche Memory-Foam-Innensohle.<\/p>\n<p>Hogan Olympia Damen-Sneaker<br \/>\nMade in Italy<br \/>\nObermaterial aus Nappaleder<br \/>\nEins\u00e4tze aus Veloursleder<br \/>\nSeitliches H aus Glattleder<br \/>\nGepr\u00e4gtes Logo auf Zunge und Ferse<br \/>\nLederfutter<br \/>\n9 mm Memory-Foam-Innensohle<br \/>\nGummisohle<br \/>\nGesamth\u00f6he: 3,2 cm<\/p>\n<p>MOD: HXW6930FX20UNH0CA9<\/p>\n","protected":false},"excerpt":{"rendered":"<p>Ein schlanker, \u00e4u\u00dferst femininer Sneaker, kombiniert mit einer sportlichen, vom Fu\u00dfball inspirierten Sohle: Die Hogan Olympia Sneaker sind eine moderne Neuinterpretation des ikonischen Modells der Marke und spielen mit Kontrasten&#8230;.<\/p>\n","protected":false},"featured_media":10637,"template":"","meta":{"_acf_changed":false,"inline_featured_image":false},"product_brand":[202],"product_cat":[53,87,57],"product_tag":[183,184],"class_list":{"0":"post-10650","1":"product","2":"type-product","3":"status-publish","4":"has-post-thumbnail","6":"product_brand-hogan","7":"product_cat-damen","8":"product_cat-schuhe-damen","9":"product_cat-sneaker-damen","10":"product_tag-hogan","11":"product_tag-weiss","13":"first","14":"instock","15":"shipping-taxable","16":"purchasable","17":"product-type-variable"},"acf":[],"_links":{"self":[{"href":"https:\/\/kuntnerforludovica.com\/de\/wp-json\/wp\/v2\/product\/10650","targetHints":{"allow":["GET"]}}],"collection":[{"href":"https:\/\/kuntnerforludovica.com\/de\/wp-json\/wp\/v2\/product"}],"about":[{"href":"https:\/\/kuntnerforludovica.com\/de\/wp-json\/wp\/v2\/types\/product"}],"wp:featuredmedia":[{"embeddable":true,"href":"https:\/\/kuntnerforludovica.com\/de\/wp-json\/wp\/v2\/media\/10637"}],"wp:attachment":[{"href":"https:\/\/kuntnerforludovica.com\/de\/wp-json\/wp\/v2\/media?parent=10650"}],"wp:term":[{"taxonomy":"product_brand","embeddable":true,"href":"https:\/\/kuntnerforludovica.com\/de\/wp-json\/wp\/v2\/product_brand?post=10650"},{"taxonomy":"product_cat","embeddable":true,"href":"https:\/\/kuntnerforludovica.com\/de\/wp-json\/wp\/v2\/product_cat?post=10650"},{"taxonomy":"product_tag","embeddable":true,"href":"https:\/\/kuntnerforludovica.com\/de\/wp-json\/wp\/v2\/product_tag?post=10650"}],"curies":[{"name":"wp","href":"https:\/\/api.w.org\/{rel}","templated":true}]}}