{"id":10276,"date":"2026-01-27T09:29:07","date_gmt":"2026-01-27T09:29:07","guid":{"rendered":"https:\/\/kuntnerforludovica.com\/prodotto\/hogan-h-stripes-leder-sneaker-weiss-schwarz\/"},"modified":"2026-01-27T09:29:07","modified_gmt":"2026-01-27T09:29:07","slug":"hogan-h-stripes-leder-sneaker-weiss-schwarz","status":"publish","type":"product","link":"https:\/\/kuntnerforludovica.com\/de\/prodotto\/hogan-h-stripes-leder-sneaker-weiss-schwarz\/","title":{"rendered":"Hogan H-Stripes Leder-Sneaker Wei\u00df Schwarz"},"content":{"rendered":"<p>Ein neues Modell mit sportlichen und vielseitigen Linien: Die H-Stripes Sneaker zeichnen sich durch eine extraleichte Sohle mit vertikalen Streifen aus. Das kompakte und ausgewogene Obermaterial wird durch ein seitliches Logo-Band hervorgehoben. Der obere Rand mit N\u00e4hten an der Fersenkappe ist weich gepolstert. Diese Version ist aus weichem Nappaleder gefertigt und verf\u00fcgt \u00fcber eine Memory-Foam-Innensohle, die f\u00fcr optimale D\u00e4mpfung sorgt.<\/p>\n<p>Hogan H-Stripes Herren-Sneaker<br \/>\nMade in Italy<br \/>\nObermaterial aus Nappaleder<br \/>\nSeitliches Band<br \/>\n8 mm Memory-Foam-Innensohle<br \/>\nEVA-Sohle<br \/>\nGesamth\u00f6he 4,8 cm<\/p>\n<p>MOD. HXM6450FO70LE90001<\/p>\n","protected":false},"excerpt":{"rendered":"<p>Ein neues Modell mit sportlichen und vielseitigen Linien: Die H-Stripes Sneaker zeichnen sich durch eine extraleichte Sohle mit vertikalen Streifen aus. Das kompakte und ausgewogene Obermaterial wird durch ein seitliches&#8230;<\/p>\n","protected":false},"featured_media":10270,"template":"","meta":{"_acf_changed":false,"inline_featured_image":false},"product_brand":[202],"product_cat":[66,60,64,198],"product_tag":[183,184],"class_list":{"0":"post-10276","1":"product","2":"type-product","3":"status-publish","4":"has-post-thumbnail","6":"product_brand-hogan","7":"product_cat-herren","8":"product_cat-sale-deu","9":"product_cat-sale-herren","10":"product_cat-schuhe-sale","11":"product_tag-hogan","12":"product_tag-weiss","14":"first","15":"instock","16":"sale","17":"shipping-taxable","18":"purchasable","19":"product-type-variable"},"acf":[],"_links":{"self":[{"href":"https:\/\/kuntnerforludovica.com\/de\/wp-json\/wp\/v2\/product\/10276","targetHints":{"allow":["GET"]}}],"collection":[{"href":"https:\/\/kuntnerforludovica.com\/de\/wp-json\/wp\/v2\/product"}],"about":[{"href":"https:\/\/kuntnerforludovica.com\/de\/wp-json\/wp\/v2\/types\/product"}],"wp:featuredmedia":[{"embeddable":true,"href":"https:\/\/kuntnerforludovica.com\/de\/wp-json\/wp\/v2\/media\/10270"}],"wp:attachment":[{"href":"https:\/\/kuntnerforludovica.com\/de\/wp-json\/wp\/v2\/media?parent=10276"}],"wp:term":[{"taxonomy":"product_brand","embeddable":true,"href":"https:\/\/kuntnerforludovica.com\/de\/wp-json\/wp\/v2\/product_brand?post=10276"},{"taxonomy":"product_cat","embeddable":true,"href":"https:\/\/kuntnerforludovica.com\/de\/wp-json\/wp\/v2\/product_cat?post=10276"},{"taxonomy":"product_tag","embeddable":true,"href":"https:\/\/kuntnerforludovica.com\/de\/wp-json\/wp\/v2\/product_tag?post=10276"}],"curies":[{"name":"wp","href":"https:\/\/api.w.org\/{rel}","templated":true}]}}